{"id":3198,"date":"2018-02-21T22:26:36","date_gmt":"2018-02-21T21:26:36","guid":{"rendered":"https:\/\/www.skyfillers.com\/blog\/?page_id=3198"},"modified":"2025-10-06T14:57:31","modified_gmt":"2025-10-06T12:57:31","slug":"impressum","status":"publish","type":"page","link":"https:\/\/skyfillers.com\/blog\/impressum\/","title":{"rendered":"Impressum"},"content":{"rendered":"<h3>ANGABEN GEM. \u00a75 TMG:<\/h3>\n<p class=\"bodytext\">Skyfillers GmbH<br \/>\nSchiffbr\u00fccke 66<br \/>\n24939 Flensburg<\/p>\n<h3>VERTRETEN DURCH:<\/h3>\n<p class=\"bodytext\">Steffan R\u00f6pke, Gesch\u00e4ftsf\u00fchrer<\/p>\n<h3>KONTAKT:<\/h3>\n<p class=\"bodytext\">Telefon: +49 461 404\u00a0810 00<br \/>\nE-Mail: <a>info@skyfillers.com<\/a><\/p>\n<h3>REGISTEREINTRAG:<\/h3>\n<p class=\"bodytext\">Registergericht: Amtsgericht Flensburg<br \/>\nRegisternummer: HRB 5707 FL<\/p>\n<h3>UMSATZSTEUER-ID:<\/h3>\n<p class=\"bodytext\">Umsatzsteuer-Identifikationsnummer gem. \u00a727a Umsatzsteuergesetz: DE 246564829<\/p>\n","protected":false},"excerpt":{"rendered":"<p>ANGABEN GEM. \u00a75 TMG: Skyfillers GmbH Schiffbr\u00fccke 66 24939 Flensburg VERTRETEN DURCH: Steffan R\u00f6pke, Gesch\u00e4ftsf\u00fchrer KONTAKT: Telefon: +49 461 404\u00a0810 00 E-Mail: info@skyfillers.com REGISTEREINTRAG: Registergericht: Amtsgericht Flensburg Registernummer: HRB 5707 FL UMSATZSTEUER-ID: Umsatzsteuer-Identifikationsnummer gem. \u00a727a Umsatzsteuergesetz: DE 246564829<\/p>\n","protected":false},"author":2,"featured_media":0,"parent":0,"menu_order":0,"comment_status":"closed","ping_status":"closed","template":"","meta":{"_monsterinsights_skip_tracking":false,"_monsterinsights_sitenote_active":false,"_monsterinsights_sitenote_note":"","_monsterinsights_sitenote_category":0,"footnotes":""},"class_list":["post-3198","page","type-page","status-publish","hentry"],"yoast_head":"<!-- This site is optimized with the Yoast SEO plugin v27.4 - https:\/\/yoast.com\/product\/yoast-seo-wordpress\/ -->\n<title>Impressum - Skyfillers Blog<\/title>\n<meta name=\"robots\" content=\"index, follow, max-snippet:-1, max-image-preview:large, max-video-preview:-1\" \/>\n<link rel=\"canonical\" href=\"https:\/\/skyfillers.com\/blog\/impressum\/\" \/>\n<meta property=\"og:locale\" content=\"de_DE\" \/>\n<meta property=\"og:type\" content=\"article\" \/>\n<meta property=\"og:title\" content=\"Impressum - Skyfillers Blog\" \/>\n<meta property=\"og:description\" content=\"ANGABEN GEM. \u00a75 TMG: Skyfillers GmbH Schiffbr\u00fccke 66 24939 Flensburg VERTRETEN DURCH: Steffan R\u00f6pke, Gesch\u00e4ftsf\u00fchrer KONTAKT: Telefon: +49 461 404\u00a0810 00 E-Mail: info@skyfillers.com REGISTEREINTRAG: Registergericht: Amtsgericht Flensburg Registernummer: HRB 5707 FL UMSATZSTEUER-ID: Umsatzsteuer-Identifikationsnummer gem. \u00a727a Umsatzsteuergesetz: DE 246564829\" \/>\n<meta property=\"og:url\" content=\"https:\/\/skyfillers.com\/blog\/impressum\/\" \/>\n<meta property=\"og:site_name\" content=\"Skyfillers Blog\" \/>\n<meta property=\"article:modified_time\" content=\"2025-10-06T12:57:31+00:00\" \/>\n<meta name=\"twitter:card\" content=\"summary_large_image\" \/>\n<meta name=\"twitter:label1\" content=\"Gesch\u00e4tzte Lesezeit\" \/>\n\t<meta name=\"twitter:data1\" content=\"1\u00a0Minute\" \/>\n<script type=\"application\/ld+json\" class=\"yoast-schema-graph\">{\"@context\":\"https:\\\/\\\/schema.org\",\"@graph\":[{\"@type\":\"WebPage\",\"@id\":\"https:\\\/\\\/skyfillers.com\\\/blog\\\/impressum\\\/\",\"url\":\"https:\\\/\\\/skyfillers.com\\\/blog\\\/impressum\\\/\",\"name\":\"Impressum - Skyfillers Blog\",\"isPartOf\":{\"@id\":\"https:\\\/\\\/skyfillers.com\\\/blog\\\/#website\"},\"datePublished\":\"2018-02-21T21:26:36+00:00\",\"dateModified\":\"2025-10-06T12:57:31+00:00\",\"breadcrumb\":{\"@id\":\"https:\\\/\\\/skyfillers.com\\\/blog\\\/impressum\\\/#breadcrumb\"},\"inLanguage\":\"de\",\"potentialAction\":[{\"@type\":\"ReadAction\",\"target\":[\"https:\\\/\\\/skyfillers.com\\\/blog\\\/impressum\\\/\"]}]},{\"@type\":\"BreadcrumbList\",\"@id\":\"https:\\\/\\\/skyfillers.com\\\/blog\\\/impressum\\\/#breadcrumb\",\"itemListElement\":[{\"@type\":\"ListItem\",\"position\":1,\"name\":\"Home\",\"item\":\"https:\\\/\\\/skyfillers.com\\\/blog\\\/\"},{\"@type\":\"ListItem\",\"position\":2,\"name\":\"Impressum\"}]},{\"@type\":\"WebSite\",\"@id\":\"https:\\\/\\\/skyfillers.com\\\/blog\\\/#website\",\"url\":\"https:\\\/\\\/skyfillers.com\\\/blog\\\/\",\"name\":\"Skyfillers Blog\",\"description\":\"Informationen zu E-Mail, Backup, Hosting und mehr.\",\"potentialAction\":[{\"@type\":\"SearchAction\",\"target\":{\"@type\":\"EntryPoint\",\"urlTemplate\":\"https:\\\/\\\/skyfillers.com\\\/blog\\\/?s={search_term_string}\"},\"query-input\":{\"@type\":\"PropertyValueSpecification\",\"valueRequired\":true,\"valueName\":\"search_term_string\"}}],\"inLanguage\":\"de\"}]}<\/script>\n<!-- \/ Yoast SEO plugin. -->","yoast_head_json":{"title":"Impressum - Skyfillers Blog","robots":{"index":"index","follow":"follow","max-snippet":"max-snippet:-1","max-image-preview":"max-image-preview:large","max-video-preview":"max-video-preview:-1"},"canonical":"https:\/\/skyfillers.com\/blog\/impressum\/","og_locale":"de_DE","og_type":"article","og_title":"Impressum - Skyfillers Blog","og_description":"ANGABEN GEM. \u00a75 TMG: Skyfillers GmbH Schiffbr\u00fccke 66 24939 Flensburg VERTRETEN DURCH: Steffan R\u00f6pke, Gesch\u00e4ftsf\u00fchrer KONTAKT: Telefon: +49 461 404\u00a0810 00 E-Mail: info@skyfillers.com REGISTEREINTRAG: Registergericht: Amtsgericht Flensburg Registernummer: HRB 5707 FL UMSATZSTEUER-ID: Umsatzsteuer-Identifikationsnummer gem. \u00a727a Umsatzsteuergesetz: DE 246564829","og_url":"https:\/\/skyfillers.com\/blog\/impressum\/","og_site_name":"Skyfillers Blog","article_modified_time":"2025-10-06T12:57:31+00:00","twitter_card":"summary_large_image","twitter_misc":{"Gesch\u00e4tzte Lesezeit":"1\u00a0Minute"},"schema":{"@context":"https:\/\/schema.org","@graph":[{"@type":"WebPage","@id":"https:\/\/skyfillers.com\/blog\/impressum\/","url":"https:\/\/skyfillers.com\/blog\/impressum\/","name":"Impressum - Skyfillers Blog","isPartOf":{"@id":"https:\/\/skyfillers.com\/blog\/#website"},"datePublished":"2018-02-21T21:26:36+00:00","dateModified":"2025-10-06T12:57:31+00:00","breadcrumb":{"@id":"https:\/\/skyfillers.com\/blog\/impressum\/#breadcrumb"},"inLanguage":"de","potentialAction":[{"@type":"ReadAction","target":["https:\/\/skyfillers.com\/blog\/impressum\/"]}]},{"@type":"BreadcrumbList","@id":"https:\/\/skyfillers.com\/blog\/impressum\/#breadcrumb","itemListElement":[{"@type":"ListItem","position":1,"name":"Home","item":"https:\/\/skyfillers.com\/blog\/"},{"@type":"ListItem","position":2,"name":"Impressum"}]},{"@type":"WebSite","@id":"https:\/\/skyfillers.com\/blog\/#website","url":"https:\/\/skyfillers.com\/blog\/","name":"Skyfillers Blog","description":"Informationen zu E-Mail, Backup, Hosting und mehr.","potentialAction":[{"@type":"SearchAction","target":{"@type":"EntryPoint","urlTemplate":"https:\/\/skyfillers.com\/blog\/?s={search_term_string}"},"query-input":{"@type":"PropertyValueSpecification","valueRequired":true,"valueName":"search_term_string"}}],"inLanguage":"de"}]}},"_links":{"self":[{"href":"https:\/\/skyfillers.com\/blog\/wp-json\/wp\/v2\/pages\/3198","targetHints":{"allow":["GET"]}}],"collection":[{"href":"https:\/\/skyfillers.com\/blog\/wp-json\/wp\/v2\/pages"}],"about":[{"href":"https:\/\/skyfillers.com\/blog\/wp-json\/wp\/v2\/types\/page"}],"author":[{"embeddable":true,"href":"https:\/\/skyfillers.com\/blog\/wp-json\/wp\/v2\/users\/2"}],"replies":[{"embeddable":true,"href":"https:\/\/skyfillers.com\/blog\/wp-json\/wp\/v2\/comments?post=3198"}],"version-history":[{"count":2,"href":"https:\/\/skyfillers.com\/blog\/wp-json\/wp\/v2\/pages\/3198\/revisions"}],"predecessor-version":[{"id":5267,"href":"https:\/\/skyfillers.com\/blog\/wp-json\/wp\/v2\/pages\/3198\/revisions\/5267"}],"wp:attachment":[{"href":"https:\/\/skyfillers.com\/blog\/wp-json\/wp\/v2\/media?parent=3198"}],"curies":[{"name":"wp","href":"https:\/\/api.w.org\/{rel}","templated":true}]}}